{"id":506,"date":"2018-09-14T15:58:01","date_gmt":"2018-09-14T15:58:01","guid":{"rendered":"https:\/\/airi.la-studioweb.com\/?page_id=506"},"modified":"2022-05-12T10:27:06","modified_gmt":"2022-05-12T07:27:06","slug":"hakkimizda","status":"publish","type":"page","link":"https:\/\/bicerlerbaharat.com\/index.php\/hakkimizda\/","title":{"rendered":"Hakk\u0131m\u0131zda"},"content":{"rendered":"<p>[vc_row full_width=&#8221;stretch_row_content_no_spaces&#8221; content_placement=&#8221;middle&#8221; el_class=&#8221;home_right_full&#8221;][vc_column width=&#8221;5\/12&#8243; la_animation_duration=&#8221;1&#8243; la_animation_delay=&#8221;0&#8243; la_animation_iteration_count=&#8221;1&#8243; offset=&#8221;vc_col-lg-offset-0 vc_col-md-offset-0 vc_col-sm-offset-0&#8243; el_class=&#8221;home_info_intro&#8221; css=&#8221;.vc_custom_1541585951421{padding-right: 20px !important;}&#8221;][vc_single_image image=&#8221;5431&#8243; img_size=&#8221;full&#8221; el_class=&#8221;image__maxiwidth&#8221;]<div id=\"la_heading_69e4a04679fd6\" class=\"la-headings text-left\"><div class=\"js-el subheading-tag la-unit-responsive\" style=\"color:#5d5d5d\" ><p>2019 y\u0131l\u0131nda kurulan Bi\u00e7erler Baharat, markas\u0131 ile sizin i\u00e7in mevsiminde d\u00fcnyan\u0131n d\u00f6rt bir yan\u0131ndan en taze ve kaliteli mahsulleri \u00f6zenle se\u00e7erek toplar.<br \/>\nEn do\u011fal hali ile hi\u00e7bir katk\u0131 maddesi ilave edilmeden hijyenik ortamlarda i\u015fler. Hava ve neme kar\u015f\u0131 \u00f6zel paketleri ile baharat kar\u0131\u015f\u0131mlar\u0131n\u0131 en do\u011fal hali ile mutfa\u011f\u0131n\u0131za getirir.<\/p>\n<p>Bi\u00e7erler Baharat; k\u00f6fte har\u00e7lar\u0131 ve tavuk soslar\u0131, \u00e7i\u011f k\u00f6fte, kebap har\u00e7lar\u0131 gibi geleneksel tatlar\u0131n yan\u0131nda; \u0131zgara\/barbek\u00fc \u00e7e\u015fnileri ve sucuk har\u00e7lar\u0131 gibi yenilik\u00e7i \u00fcr\u00fcnleri de be\u011feninize sunuyor.<\/p>\n<\/div><\/div>\n<div id=\"la_divider69e4a0467a157\" class=\"js-el la-divider la-unit-responsive\" data-la_component=\"UnitResponsive\"  data-el_target='#la_divider69e4a0467a157'  data-el_media_sizes='{&quot;padding-top&quot;:&quot;lg:30px;&quot;}' ><\/div>\n[vc_single_image image=&#8221;6151&#8243; img_size=&#8221;full&#8221; el_class=&#8221;image__maxiwidth&#8221;][\/vc_column][vc_column width=&#8221;7\/12&#8243;]<div id=\"la_banner_box_69e4a0467aa25\" class=\"wpb_content_element la-banner-box banner-type-1 la_banner_box_69e4a0467aa25 size-full custom-heading-aboutus\">\n    <div class=\"box-inner\">\n                <div class=\"banner--image\">\n            <div class=\"loop__item__thumbnail--bkg gitem-zone-height-mode-original\"\n                 data-background-image=\"\/\/bicerlerbaharat.com\/wp-content\/uploads\/2022\/05\/slider-kopya-2.jpg\"\n                 style=\"padding-top:42.19%;background-image: url(\/\/bicerlerbaharat.com\/wp-content\/uploads\/2022\/05\/slider-kopya-2.jpg);\">\n            <\/div>\n        <\/div>\n        <div class=\"banner--info\">\n            <div class=\"js-el b-title b-title1\" style=\"color:#ffffff\"  data-la_component=\"UnitResponsive\"  data-el_target='#la_banner_box_69e4a0467aa25 .b-title1'  data-el_media_sizes='{&quot;font-size&quot;:&quot;lg:24px;&quot;,&quot;line-height&quot;:&quot;lg:30px;&quot;}' ><span>Bi\u00e7erler<\/span> <span>Bahrat<\/span><\/div>        <\/div>\n        <div class=\"banner--link-overlay item--overlay\"><\/div>    <\/div>\n    <\/div>[\/vc_column][\/vc_row][vc_row][vc_column]<div id=\"la_divider69e4a0467b06a\" class=\"js-el la-divider la-unit-responsive\" data-la_component=\"UnitResponsive\"  data-el_target='#la_divider69e4a0467b06a'  data-el_media_sizes='{&quot;padding-top&quot;:&quot;lg:50px;md:25px;xs:0px;&quot;}' ><\/div>\n[\/vc_column][\/vc_row]<\/p>\n","protected":false},"excerpt":{"rendered":"<p>[vc_row full_width=&#8221;stretch_row_content_no_spaces&#8221; content_placement=&#8221;middle&#8221; el_class=&#8221;home_right_full&#8221;][vc_column width=&#8221;5\/12&#8243; la_animation_duration=&#8221;1&#8243; la_animation_delay=&#8221;0&#8243; la_animation_iteration_count=&#8221;1&#8243; offset=&#8221;vc_col-lg-offset-0 vc_col-md-offset-0 vc_col-sm-offset-0&#8243; el_class=&#8221;home_info_intro&#8221; css=&#8221;.vc_custom_1541585951421{padding-right: 20px !important;}&#8221;][vc_single_image image=&#8221;5431&#8243; img_size=&#8221;full&#8221; el_class=&#8221;image__maxiwidth&#8221;][vc_single_image image=&#8221;6151&#8243; img_size=&#8221;full&#8221; el_class=&#8221;image__maxiwidth&#8221;][\/vc_column][vc_column width=&#8221;7\/12&#8243;][\/vc_column][\/vc_row][vc_row][vc_column][\/vc_column][\/vc_row]<\/p>\n","protected":false},"author":1,"featured_media":0,"parent":0,"menu_order":0,"comment_status":"closed","ping_status":"closed","template":"","meta":{"footnotes":""},"class_list":["post-506","page","type-page","status-publish","hentry"],"_links":{"self":[{"href":"https:\/\/bicerlerbaharat.com\/index.php\/wp-json\/wp\/v2\/pages\/506","targetHints":{"allow":["GET"]}}],"collection":[{"href":"https:\/\/bicerlerbaharat.com\/index.php\/wp-json\/wp\/v2\/pages"}],"about":[{"href":"https:\/\/bicerlerbaharat.com\/index.php\/wp-json\/wp\/v2\/types\/page"}],"author":[{"embeddable":true,"href":"https:\/\/bicerlerbaharat.com\/index.php\/wp-json\/wp\/v2\/users\/1"}],"replies":[{"embeddable":true,"href":"https:\/\/bicerlerbaharat.com\/index.php\/wp-json\/wp\/v2\/comments?post=506"}],"version-history":[{"count":3,"href":"https:\/\/bicerlerbaharat.com\/index.php\/wp-json\/wp\/v2\/pages\/506\/revisions"}],"predecessor-version":[{"id":6153,"href":"https:\/\/bicerlerbaharat.com\/index.php\/wp-json\/wp\/v2\/pages\/506\/revisions\/6153"}],"wp:attachment":[{"href":"https:\/\/bicerlerbaharat.com\/index.php\/wp-json\/wp\/v2\/media?parent=506"}],"curies":[{"name":"wp","href":"https:\/\/api.w.org\/{rel}","templated":true}]}}