{"id":6047,"date":"2022-05-10T12:51:43","date_gmt":"2022-05-10T09:51:43","guid":{"rendered":"http:\/\/bicerlerbaharat.com\/index.php\/urun\/kirmizi-biber-tane\/"},"modified":"2022-05-10T14:20:15","modified_gmt":"2022-05-10T11:20:15","slug":"kirmizi-biber-tane","status":"publish","type":"product","link":"https:\/\/bicerlerbaharat.com\/index.php\/urun\/kirmizi-biber-tane\/","title":{"rendered":"K\u0131rm\u0131z\u0131 Biber Tane"},"content":{"rendered":"","protected":false},"excerpt":{"rendered":"","protected":false},"featured_media":0,"comment_status":"open","ping_status":"closed","template":"","meta":[],"product_cat":[212],"product_tag":[],"class_list":["post-6047","product","type-product","status-publish","hentry","product_cat-baharat","thumb-no-effect","prod-rating-on","prod-has-rating"],"_links":{"self":[{"href":"https:\/\/bicerlerbaharat.com\/index.php\/wp-json\/wp\/v2\/product\/6047","targetHints":{"allow":["GET"]}}],"collection":[{"href":"https:\/\/bicerlerbaharat.com\/index.php\/wp-json\/wp\/v2\/product"}],"about":[{"href":"https:\/\/bicerlerbaharat.com\/index.php\/wp-json\/wp\/v2\/types\/product"}],"replies":[{"embeddable":true,"href":"https:\/\/bicerlerbaharat.com\/index.php\/wp-json\/wp\/v2\/comments?post=6047"}],"wp:attachment":[{"href":"https:\/\/bicerlerbaharat.com\/index.php\/wp-json\/wp\/v2\/media?parent=6047"}],"wp:term":[{"taxonomy":"product_cat","embeddable":true,"href":"https:\/\/bicerlerbaharat.com\/index.php\/wp-json\/wp\/v2\/product_cat?post=6047"},{"taxonomy":"product_tag","embeddable":true,"href":"https:\/\/bicerlerbaharat.com\/index.php\/wp-json\/wp\/v2\/product_tag?post=6047"}],"curies":[{"name":"wp","href":"https:\/\/api.w.org\/{rel}","templated":true}]}}