{"id":6076,"date":"2022-05-10T12:51:50","date_gmt":"2022-05-10T09:51:50","guid":{"rendered":"http:\/\/bicerlerbaharat.com\/index.php\/urun\/zeresk-uzumu\/"},"modified":"2022-05-10T13:34:16","modified_gmt":"2022-05-10T10:34:16","slug":"zeresk-uzumu","status":"publish","type":"product","link":"https:\/\/bicerlerbaharat.com\/index.php\/urun\/zeresk-uzumu\/","title":{"rendered":"Zere\u015fk \u00dcz\u00fcm\u00fc"},"content":{"rendered":"","protected":false},"excerpt":{"rendered":"","protected":false},"featured_media":6116,"comment_status":"open","ping_status":"closed","template":"","meta":[],"product_cat":[213],"product_tag":[],"class_list":["post-6076","product","type-product","status-publish","has-post-thumbnail","hentry","product_cat-bitki","thumb-no-effect","prod-rating-on","prod-has-rating"],"_links":{"self":[{"href":"https:\/\/bicerlerbaharat.com\/index.php\/wp-json\/wp\/v2\/product\/6076","targetHints":{"allow":["GET"]}}],"collection":[{"href":"https:\/\/bicerlerbaharat.com\/index.php\/wp-json\/wp\/v2\/product"}],"about":[{"href":"https:\/\/bicerlerbaharat.com\/index.php\/wp-json\/wp\/v2\/types\/product"}],"replies":[{"embeddable":true,"href":"https:\/\/bicerlerbaharat.com\/index.php\/wp-json\/wp\/v2\/comments?post=6076"}],"wp:featuredmedia":[{"embeddable":true,"href":"https:\/\/bicerlerbaharat.com\/index.php\/wp-json\/wp\/v2\/media\/6116"}],"wp:attachment":[{"href":"https:\/\/bicerlerbaharat.com\/index.php\/wp-json\/wp\/v2\/media?parent=6076"}],"wp:term":[{"taxonomy":"product_cat","embeddable":true,"href":"https:\/\/bicerlerbaharat.com\/index.php\/wp-json\/wp\/v2\/product_cat?post=6076"},{"taxonomy":"product_tag","embeddable":true,"href":"https:\/\/bicerlerbaharat.com\/index.php\/wp-json\/wp\/v2\/product_tag?post=6076"}],"curies":[{"name":"wp","href":"https:\/\/api.w.org\/{rel}","templated":true}]}}