{"id":6081,"date":"2022-05-10T12:51:52","date_gmt":"2022-05-10T09:51:52","guid":{"rendered":"http:\/\/bicerlerbaharat.com\/index.php\/urun\/acik-pembe-gul\/"},"modified":"2022-05-10T13:26:15","modified_gmt":"2022-05-10T10:26:15","slug":"acik-pembe-gul","status":"publish","type":"product","link":"https:\/\/bicerlerbaharat.com\/index.php\/urun\/acik-pembe-gul\/","title":{"rendered":"A\u00e7\u0131k Pembe G\u00fcl"},"content":{"rendered":"","protected":false},"excerpt":{"rendered":"","protected":false},"featured_media":5858,"comment_status":"open","ping_status":"closed","template":"","meta":[],"product_cat":[214],"product_tag":[],"class_list":["post-6081","product","type-product","status-publish","has-post-thumbnail","hentry","product_cat-caylar","thumb-no-effect","prod-rating-on","prod-has-rating"],"_links":{"self":[{"href":"https:\/\/bicerlerbaharat.com\/index.php\/wp-json\/wp\/v2\/product\/6081","targetHints":{"allow":["GET"]}}],"collection":[{"href":"https:\/\/bicerlerbaharat.com\/index.php\/wp-json\/wp\/v2\/product"}],"about":[{"href":"https:\/\/bicerlerbaharat.com\/index.php\/wp-json\/wp\/v2\/types\/product"}],"replies":[{"embeddable":true,"href":"https:\/\/bicerlerbaharat.com\/index.php\/wp-json\/wp\/v2\/comments?post=6081"}],"wp:featuredmedia":[{"embeddable":true,"href":"https:\/\/bicerlerbaharat.com\/index.php\/wp-json\/wp\/v2\/media\/5858"}],"wp:attachment":[{"href":"https:\/\/bicerlerbaharat.com\/index.php\/wp-json\/wp\/v2\/media?parent=6081"}],"wp:term":[{"taxonomy":"product_cat","embeddable":true,"href":"https:\/\/bicerlerbaharat.com\/index.php\/wp-json\/wp\/v2\/product_cat?post=6081"},{"taxonomy":"product_tag","embeddable":true,"href":"https:\/\/bicerlerbaharat.com\/index.php\/wp-json\/wp\/v2\/product_tag?post=6081"}],"curies":[{"name":"wp","href":"https:\/\/api.w.org\/{rel}","templated":true}]}}