{"id":6082,"date":"2022-05-10T12:51:52","date_gmt":"2022-05-10T09:51:52","guid":{"rendered":"http:\/\/bicerlerbaharat.com\/index.php\/urun\/adacayi-siyirma\/"},"modified":"2022-05-10T13:26:51","modified_gmt":"2022-05-10T10:26:51","slug":"adacayi-siyirma","status":"publish","type":"product","link":"https:\/\/bicerlerbaharat.com\/index.php\/urun\/adacayi-siyirma\/","title":{"rendered":"Ada\u00e7ay\u0131 S\u0131y\u0131rma"},"content":{"rendered":"","protected":false},"excerpt":{"rendered":"","protected":false},"featured_media":5701,"comment_status":"open","ping_status":"closed","template":"","meta":[],"product_cat":[214],"product_tag":[],"class_list":["post-6082","product","type-product","status-publish","has-post-thumbnail","hentry","product_cat-caylar","thumb-no-effect","prod-rating-on","prod-has-rating"],"_links":{"self":[{"href":"https:\/\/bicerlerbaharat.com\/index.php\/wp-json\/wp\/v2\/product\/6082","targetHints":{"allow":["GET"]}}],"collection":[{"href":"https:\/\/bicerlerbaharat.com\/index.php\/wp-json\/wp\/v2\/product"}],"about":[{"href":"https:\/\/bicerlerbaharat.com\/index.php\/wp-json\/wp\/v2\/types\/product"}],"replies":[{"embeddable":true,"href":"https:\/\/bicerlerbaharat.com\/index.php\/wp-json\/wp\/v2\/comments?post=6082"}],"wp:featuredmedia":[{"embeddable":true,"href":"https:\/\/bicerlerbaharat.com\/index.php\/wp-json\/wp\/v2\/media\/5701"}],"wp:attachment":[{"href":"https:\/\/bicerlerbaharat.com\/index.php\/wp-json\/wp\/v2\/media?parent=6082"}],"wp:term":[{"taxonomy":"product_cat","embeddable":true,"href":"https:\/\/bicerlerbaharat.com\/index.php\/wp-json\/wp\/v2\/product_cat?post=6082"},{"taxonomy":"product_tag","embeddable":true,"href":"https:\/\/bicerlerbaharat.com\/index.php\/wp-json\/wp\/v2\/product_tag?post=6082"}],"curies":[{"name":"wp","href":"https:\/\/api.w.org\/{rel}","templated":true}]}}